{"id":93,"date":"2019-02-28T09:47:40","date_gmt":"2019-02-28T09:47:40","guid":{"rendered":"https:\/\/nimaingenieria.com\/?page_id=93"},"modified":"2020-04-26T17:25:23","modified_gmt":"2020-04-26T17:25:23","slug":"ingenieria","status":"publish","type":"page","link":"https:\/\/nimaingenieria.com\/index.php\/ingenieria\/","title":{"rendered":"INGENIER\u00cdA"},"content":{"rendered":"\t\t<div data-elementor-type=\"wp-post\" data-elementor-id=\"93\" class=\"elementor elementor-93\" data-elementor-settings=\"[]\">\n\t\t\t\t\t\t<div class=\"elementor-inner\">\n\t\t\t\t\t\t\t<div class=\"elementor-section-wrap\">\n\t\t\t\t\t\t\t<section class=\"elementor-section elementor-top-section elementor-element elementor-element-1de251d2 elementor-section-height-min-height elementor-section-boxed elementor-section-height-default elementor-section-items-middle\" data-id=\"1de251d2\" data-element_type=\"section\" data-settings=\"{&quot;background_background&quot;:&quot;classic&quot;}\">\n\t\t\t\t\t\t\t<div class=\"elementor-background-overlay\"><\/div>\n\t\t\t\t\t\t\t<div class=\"elementor-container elementor-column-gap-default\">\n\t\t\t\t\t\t\t<div class=\"elementor-row\">\n\t\t\t\t\t<div class=\"elementor-column elementor-col-100 elementor-top-column elementor-element elementor-element-3debaf6\" data-id=\"3debaf6\" data-element_type=\"column\" data-settings=\"{&quot;background_background&quot;:&quot;classic&quot;}\">\n\t\t\t<div class=\"elementor-column-wrap elementor-element-populated\">\n\t\t\t\t\t\t\t<div class=\"elementor-widget-wrap\">\n\t\t\t\t\t\t<div class=\"elementor-element elementor-element-6d03cc36 elementor-widget elementor-widget-heading\" data-id=\"6d03cc36\" data-element_type=\"widget\" data-widget_type=\"heading.default\">\n\t\t\t\t<div class=\"elementor-widget-container\">\n\t\t\t<h3 class=\"elementor-heading-title elementor-size-large\"><a href=\"https:\/\/nimaingenieria.com\/index.php\/servicios\/\">SERVICIOS<\/a><\/h3>\t\t<\/div>\n\t\t\t\t<\/div>\n\t\t\t\t\t\t<\/div>\n\t\t\t\t\t<\/div>\n\t\t<\/div>\n\t\t\t\t\t\t\t\t<\/div>\n\t\t\t\t\t<\/div>\n\t\t<\/section>\n\t\t\t\t<section class=\"elementor-section elementor-top-section elementor-element elementor-element-6d328ab1 elementor-section-boxed elementor-section-height-default elementor-section-height-default\" data-id=\"6d328ab1\" data-element_type=\"section\">\n\t\t\t\t\t\t<div class=\"elementor-container elementor-column-gap-default\">\n\t\t\t\t\t\t\t<div class=\"elementor-row\">\n\t\t\t\t\t<div class=\"elementor-column elementor-col-100 elementor-top-column elementor-element elementor-element-52e628a4\" data-id=\"52e628a4\" data-element_type=\"column\" data-settings=\"{&quot;background_background&quot;:&quot;classic&quot;}\">\n\t\t\t<div class=\"elementor-column-wrap elementor-element-populated\">\n\t\t\t\t\t\t\t<div class=\"elementor-widget-wrap\">\n\t\t\t\t\t\t<div class=\"elementor-element elementor-element-3d4b5d04 elementor-widget elementor-widget-heading\" data-id=\"3d4b5d04\" data-element_type=\"widget\" data-widget_type=\"heading.default\">\n\t\t\t\t<div class=\"elementor-widget-container\">\n\t\t\t<h2 class=\"elementor-heading-title elementor-size-default\">INGENIER\u00cdA<\/h2>\t\t<\/div>\n\t\t\t\t<\/div>\n\t\t\t\t<div class=\"elementor-element elementor-element-3375b6e4 elementor-widget elementor-widget-text-editor\" data-id=\"3375b6e4\" data-element_type=\"widget\" data-widget_type=\"text-editor.default\">\n\t\t\t\t<div class=\"elementor-widget-container\">\n\t\t\t\t\t<div class=\"elementor-text-editor elementor-clearfix\"><p>Realizaci\u00f3n de estudios ambientales y de paisaje apoyado en cartograf\u00eda desarrollada con GIS:<\/p><ul><li>Estudios de impacto ambiental.<span class=\"Apple-converted-space\">\u00a0<\/span><\/li><li>Evaluaci\u00f3n ambiental estrat\u00e9gica.<\/li><li>Estudios de Paisaje.<\/li><li>Estudios de Integraci\u00f3n Paisaj\u00edstica.<\/li><li>Estudios de flora y fauna.<\/li><\/ul><p>Servicios para el sector agropecuario e industrial:<\/p><ul><li>Solicitud de autorizaci\u00f3n administrativa de emisiones a la atmosfera.<\/li><li>Licencias de apertura y actividad.<\/li><li>Declaraci\u00f3n responsable ambiental.<\/li><li>Memoria agron\u00f3mica.<\/li><li>Registro de empresas agroalimentarias (REA).<\/li><li>Proyectos agr\u00edcolas y ganaderos.<\/li><li>Agricultura ecol\u00f3gica.<\/li><li>Asesoramiento fitosanitario (Inscrito en ROPO).<\/li><li>Peritaci\u00f3n y valoraci\u00f3n de cultivos.<\/li><li>Cambios de uso forestal a uso agr\u00edcola.<\/li><\/ul><\/div>\n\t\t\t\t<\/div>\n\t\t\t\t<\/div>\n\t\t\t\t\t\t<\/div>\n\t\t\t\t\t<\/div>\n\t\t<\/div>\n\t\t\t\t\t\t\t\t<\/div>\n\t\t\t\t\t<\/div>\n\t\t<\/section>\n\t\t\t\t<section class=\"elementor-section elementor-top-section elementor-element elementor-element-756b2f58 elementor-section-boxed elementor-section-height-default elementor-section-height-default\" data-id=\"756b2f58\" data-element_type=\"section\">\n\t\t\t\t\t\t<div class=\"elementor-container elementor-column-gap-default\">\n\t\t\t\t\t\t\t<div class=\"elementor-row\">\n\t\t\t\t\t<div class=\"elementor-column elementor-col-100 elementor-top-column elementor-element elementor-element-1cdb3ceb\" data-id=\"1cdb3ceb\" data-element_type=\"column\">\n\t\t\t<div class=\"elementor-column-wrap elementor-element-populated\">\n\t\t\t\t\t\t\t<div class=\"elementor-widget-wrap\">\n\t\t\t\t\t\t<div class=\"elementor-element elementor-element-6a6f3a32 elementor-widget elementor-widget-image\" data-id=\"6a6f3a32\" data-element_type=\"widget\" data-widget_type=\"image.default\">\n\t\t\t\t<div class=\"elementor-widget-container\">\n\t\t\t\t\t<div class=\"elementor-image\">\n\t\t\t\t\t\t\t\t\t\t<img width=\"105\" height=\"147\" src=\"https:\/\/nimaingenieria.com\/wp-content\/uploads\/2019\/02\/4-agronomo.png\" class=\"attachment-full size-full\" alt=\"\" loading=\"lazy\" \/>\t\t\t\t\t\t\t\t\t\t\t<\/div>\n\t\t\t\t<\/div>\n\t\t\t\t<\/div>\n\t\t\t\t<div class=\"elementor-element elementor-element-7331e32 elementor-widget elementor-widget-spacer\" data-id=\"7331e32\" data-element_type=\"widget\" data-widget_type=\"spacer.default\">\n\t\t\t\t<div class=\"elementor-widget-container\">\n\t\t\t\t\t<div class=\"elementor-spacer\">\n\t\t\t<div class=\"elementor-spacer-inner\"><\/div>\n\t\t<\/div>\n\t\t\t\t<\/div>\n\t\t\t\t<\/div>\n\t\t\t\t\t\t<\/div>\n\t\t\t\t\t<\/div>\n\t\t<\/div>\n\t\t\t\t\t\t\t\t<\/div>\n\t\t\t\t\t<\/div>\n\t\t<\/section>\n\t\t\t\t<section class=\"elementor-section elementor-top-section elementor-element elementor-element-f4a4ae1 elementor-section-boxed elementor-section-height-default elementor-section-height-default\" data-id=\"f4a4ae1\" data-element_type=\"section\">\n\t\t\t\t\t\t<div class=\"elementor-container elementor-column-gap-default\">\n\t\t\t\t\t\t\t<div class=\"elementor-row\">\n\t\t\t\t\t<div class=\"elementor-column elementor-col-100 elementor-top-column elementor-element elementor-element-d0fe64b\" data-id=\"d0fe64b\" data-element_type=\"column\">\n\t\t\t<div class=\"elementor-column-wrap elementor-element-populated\">\n\t\t\t\t\t\t\t<div class=\"elementor-widget-wrap\">\n\t\t\t\t\t\t<div class=\"elementor-element elementor-element-e6edfd4 elementor-widget elementor-widget-heading\" data-id=\"e6edfd4\" data-element_type=\"widget\" data-widget_type=\"heading.default\">\n\t\t\t\t<div class=\"elementor-widget-container\">\n\t\t\t<h2 class=\"elementor-heading-title elementor-size-default\">Im\u00e1genes de GIS<\/h2>\t\t<\/div>\n\t\t\t\t<\/div>\n\t\t\t\t\t\t<\/div>\n\t\t\t\t\t<\/div>\n\t\t<\/div>\n\t\t\t\t\t\t\t\t<\/div>\n\t\t\t\t\t<\/div>\n\t\t<\/section>\n\t\t\t\t<section class=\"elementor-section elementor-top-section elementor-element elementor-element-68e78bc elementor-section-boxed elementor-section-height-default elementor-section-height-default\" data-id=\"68e78bc\" data-element_type=\"section\">\n\t\t\t\t\t\t<div class=\"elementor-container elementor-column-gap-default\">\n\t\t\t\t\t\t\t<div class=\"elementor-row\">\n\t\t\t\t\t<div class=\"elementor-column elementor-col-100 elementor-top-column elementor-element elementor-element-a34584e\" data-id=\"a34584e\" data-element_type=\"column\">\n\t\t\t<div class=\"elementor-column-wrap elementor-element-populated\">\n\t\t\t\t\t\t\t<div class=\"elementor-widget-wrap\">\n\t\t\t\t\t\t<div class=\"elementor-element elementor-element-580cbdb elementor-arrows-position-inside elementor-pagination-position-outside elementor-widget elementor-widget-image-carousel\" data-id=\"580cbdb\" data-element_type=\"widget\" data-settings=\"{&quot;image_spacing_custom&quot;:{&quot;unit&quot;:&quot;px&quot;,&quot;size&quot;:25,&quot;sizes&quot;:[]},&quot;speed&quot;:800,&quot;navigation&quot;:&quot;both&quot;,&quot;autoplay&quot;:&quot;yes&quot;,&quot;pause_on_hover&quot;:&quot;yes&quot;,&quot;pause_on_interaction&quot;:&quot;yes&quot;,&quot;autoplay_speed&quot;:5000,&quot;infinite&quot;:&quot;yes&quot;}\" data-widget_type=\"image-carousel.default\">\n\t\t\t\t<div class=\"elementor-widget-container\">\n\t\t\t\t\t<div class=\"elementor-image-carousel-wrapper swiper-container\" dir=\"ltr\">\n\t\t\t<div class=\"elementor-image-carousel swiper-wrapper\">\n\t\t\t\t<div class=\"swiper-slide\"><figure class=\"swiper-slide-inner\"><img class=\"swiper-slide-image\" src=\"https:\/\/nimaingenieria.com\/wp-content\/uploads\/2019\/03\/EsIP_Upaisaje-768x549.jpg\" alt=\"EsIP_Upaisaje\" \/><\/figure><\/div>\t\t\t<\/div>\n\t\t\t\t\t<\/div>\n\t\t\t\t<\/div>\n\t\t\t\t<\/div>\n\t\t\t\t\t\t<\/div>\n\t\t\t\t\t<\/div>\n\t\t<\/div>\n\t\t\t\t\t\t\t\t<\/div>\n\t\t\t\t\t<\/div>\n\t\t<\/section>\n\t\t\t\t\t\t<\/div>\n\t\t\t\t\t\t<\/div>\n\t\t\t\t\t<\/div>\n\t\t","protected":false},"excerpt":{"rendered":"<p>SERVICIOS INGENIER\u00cdA Realizaci\u00f3n de estudios ambientales y de paisaje apoyado en cartograf\u00eda desarrollada con GIS: Estudios de impacto ambiental.\u00a0 Evaluaci\u00f3n ambiental estrat\u00e9gica. Estudios de Paisaje. Estudios de Integraci\u00f3n Paisaj\u00edstica. Estudios de flora y fauna. Servicios para el sector agropecuario e industrial: Solicitud de autorizaci\u00f3n administrativa de emisiones a la atmosfera. Licencias de apertura y actividad.<br \/><a class=\"moretag\" href=\"https:\/\/nimaingenieria.com\/index.php\/ingenieria\/\">+ M\u00e1s informaci\u00f3n<\/a><\/p>\n","protected":false},"author":1,"featured_media":0,"parent":0,"menu_order":0,"comment_status":"closed","ping_status":"closed","template":"","meta":[],"yoast_head":"<!-- This site is optimized with the Yoast SEO plugin v15.1.1 - https:\/\/yoast.com\/wordpress\/plugins\/seo\/ -->\n<title>INGENIER\u00cdA -<\/title>\n<meta name=\"robots\" content=\"index, follow, max-snippet:-1, max-image-preview:large, max-video-preview:-1\" \/>\n<link rel=\"canonical\" href=\"https:\/\/nimaingenieria.com\/index.php\/ingenieria\/\" \/>\n<meta property=\"og:locale\" content=\"es_ES\" \/>\n<meta property=\"og:type\" content=\"article\" \/>\n<meta property=\"og:title\" content=\"INGENIER\u00cdA -\" \/>\n<meta property=\"og:description\" content=\"SERVICIOS INGENIER\u00cdA Realizaci\u00f3n de estudios ambientales y de paisaje apoyado en cartograf\u00eda desarrollada con GIS: Estudios de impacto ambiental.\u00a0 Evaluaci\u00f3n ambiental estrat\u00e9gica. Estudios de Paisaje. Estudios de Integraci\u00f3n Paisaj\u00edstica. Estudios de flora y fauna. Servicios para el sector agropecuario e industrial: Solicitud de autorizaci\u00f3n administrativa de emisiones a la atmosfera. Licencias de apertura y actividad.+ M\u00e1s informaci\u00f3n\" \/>\n<meta property=\"og:url\" content=\"https:\/\/nimaingenieria.com\/index.php\/ingenieria\/\" \/>\n<meta property=\"article:modified_time\" content=\"2020-04-26T17:25:23+00:00\" \/>\n<meta property=\"og:image\" content=\"https:\/\/nimaingenieria.com\/wp-content\/uploads\/2019\/02\/4-agronomo.png\" \/>\n<meta name=\"twitter:card\" content=\"summary_large_image\" \/>\n<script type=\"application\/ld+json\" class=\"yoast-schema-graph\">{\"@context\":\"https:\/\/schema.org\",\"@graph\":[{\"@type\":\"Organization\",\"@id\":\"https:\/\/nimaingenieria.com\/#organization\",\"name\":\"NIMA INGENIER\\u00cdA Y MEDIO AMBIENTE\",\"url\":\"https:\/\/nimaingenieria.com\/\",\"sameAs\":[\"https:\/\/www.linkedin.com\/in\/h\\u00e9ctor-gimeno-garc\\u00eda\"],\"logo\":{\"@type\":\"ImageObject\",\"@id\":\"https:\/\/nimaingenieria.com\/#logo\",\"inLanguage\":\"es\",\"url\":\"https:\/\/nimaingenieria.com\/wp-content\/uploads\/2019\/02\/LOGO-7.png\",\"width\":315,\"height\":112,\"caption\":\"NIMA INGENIER\\u00cdA Y MEDIO AMBIENTE\"},\"image\":{\"@id\":\"https:\/\/nimaingenieria.com\/#logo\"}},{\"@type\":\"WebSite\",\"@id\":\"https:\/\/nimaingenieria.com\/#website\",\"url\":\"https:\/\/nimaingenieria.com\/\",\"name\":\"\",\"description\":\"\",\"publisher\":{\"@id\":\"https:\/\/nimaingenieria.com\/#organization\"},\"potentialAction\":[{\"@type\":\"SearchAction\",\"target\":\"https:\/\/nimaingenieria.com\/?s={search_term_string}\",\"query-input\":\"required name=search_term_string\"}],\"inLanguage\":\"es\"},{\"@type\":\"ImageObject\",\"@id\":\"https:\/\/nimaingenieria.com\/index.php\/ingenieria\/#primaryimage\",\"inLanguage\":\"es\",\"url\":\"https:\/\/nimaingenieria.com\/wp-content\/uploads\/2019\/02\/4-agronomo.png\",\"width\":105,\"height\":147},{\"@type\":\"WebPage\",\"@id\":\"https:\/\/nimaingenieria.com\/index.php\/ingenieria\/#webpage\",\"url\":\"https:\/\/nimaingenieria.com\/index.php\/ingenieria\/\",\"name\":\"INGENIER\\u00cdA -\",\"isPartOf\":{\"@id\":\"https:\/\/nimaingenieria.com\/#website\"},\"primaryImageOfPage\":{\"@id\":\"https:\/\/nimaingenieria.com\/index.php\/ingenieria\/#primaryimage\"},\"datePublished\":\"2019-02-28T09:47:40+00:00\",\"dateModified\":\"2020-04-26T17:25:23+00:00\",\"inLanguage\":\"es\",\"potentialAction\":[{\"@type\":\"ReadAction\",\"target\":[\"https:\/\/nimaingenieria.com\/index.php\/ingenieria\/\"]}]}]}<\/script>\n<!-- \/ Yoast SEO plugin. -->","_links":{"self":[{"href":"https:\/\/nimaingenieria.com\/index.php\/wp-json\/wp\/v2\/pages\/93"}],"collection":[{"href":"https:\/\/nimaingenieria.com\/index.php\/wp-json\/wp\/v2\/pages"}],"about":[{"href":"https:\/\/nimaingenieria.com\/index.php\/wp-json\/wp\/v2\/types\/page"}],"author":[{"embeddable":true,"href":"https:\/\/nimaingenieria.com\/index.php\/wp-json\/wp\/v2\/users\/1"}],"replies":[{"embeddable":true,"href":"https:\/\/nimaingenieria.com\/index.php\/wp-json\/wp\/v2\/comments?post=93"}],"version-history":[{"count":14,"href":"https:\/\/nimaingenieria.com\/index.php\/wp-json\/wp\/v2\/pages\/93\/revisions"}],"predecessor-version":[{"id":265,"href":"https:\/\/nimaingenieria.com\/index.php\/wp-json\/wp\/v2\/pages\/93\/revisions\/265"}],"wp:attachment":[{"href":"https:\/\/nimaingenieria.com\/index.php\/wp-json\/wp\/v2\/media?parent=93"}],"curies":[{"name":"wp","href":"https:\/\/api.w.org\/{rel}","templated":true}]}}