{"id":91,"date":"2019-02-28T09:47:24","date_gmt":"2019-02-28T09:47:24","guid":{"rendered":"https:\/\/nimaingenieria.com\/?page_id=91"},"modified":"2019-03-18T11:52:40","modified_gmt":"2019-03-18T11:52:40","slug":"sistemas-de-gestion","status":"publish","type":"page","link":"https:\/\/nimaingenieria.com\/index.php\/sistemas-de-gestion\/","title":{"rendered":"SISTEMAS DE GESTI\u00d3N"},"content":{"rendered":"\t\t<div data-elementor-type=\"wp-post\" data-elementor-id=\"91\" class=\"elementor elementor-91 elementor-bc-flex-widget\" data-elementor-settings=\"[]\">\n\t\t\t\t\t\t<div class=\"elementor-inner\">\n\t\t\t\t\t\t\t<div class=\"elementor-section-wrap\">\n\t\t\t\t\t\t\t<section class=\"elementor-section elementor-top-section elementor-element elementor-element-37d1844e elementor-section-height-min-height elementor-section-boxed elementor-section-height-default elementor-section-items-middle\" data-id=\"37d1844e\" data-element_type=\"section\" data-settings=\"{&quot;background_background&quot;:&quot;classic&quot;}\">\n\t\t\t\t\t\t\t<div class=\"elementor-background-overlay\"><\/div>\n\t\t\t\t\t\t\t<div class=\"elementor-container elementor-column-gap-default\">\n\t\t\t\t\t\t\t<div class=\"elementor-row\">\n\t\t\t\t\t<div class=\"elementor-column elementor-col-100 elementor-top-column elementor-element elementor-element-71d83280\" data-id=\"71d83280\" data-element_type=\"column\" data-settings=\"{&quot;background_background&quot;:&quot;classic&quot;}\">\n\t\t\t<div class=\"elementor-column-wrap elementor-element-populated\">\n\t\t\t\t\t\t\t<div class=\"elementor-widget-wrap\">\n\t\t\t\t\t\t<div class=\"elementor-element elementor-element-64ea3dae elementor-widget elementor-widget-heading\" data-id=\"64ea3dae\" data-element_type=\"widget\" data-widget_type=\"heading.default\">\n\t\t\t\t<div class=\"elementor-widget-container\">\n\t\t\t<h3 class=\"elementor-heading-title elementor-size-large\"><a href=\"https:\/\/nimaingenieria.com\/index.php\/servicios\/\">SERVICIOS<\/a><\/h3>\t\t<\/div>\n\t\t\t\t<\/div>\n\t\t\t\t\t\t<\/div>\n\t\t\t\t\t<\/div>\n\t\t<\/div>\n\t\t\t\t\t\t\t\t<\/div>\n\t\t\t\t\t<\/div>\n\t\t<\/section>\n\t\t\t\t<section class=\"elementor-section elementor-top-section elementor-element elementor-element-31448741 elementor-section-boxed elementor-section-height-default elementor-section-height-default\" data-id=\"31448741\" data-element_type=\"section\">\n\t\t\t\t\t\t<div class=\"elementor-container elementor-column-gap-default\">\n\t\t\t\t\t\t\t<div class=\"elementor-row\">\n\t\t\t\t\t<div class=\"elementor-column elementor-col-100 elementor-top-column elementor-element elementor-element-4c5317b\" data-id=\"4c5317b\" data-element_type=\"column\" data-settings=\"{&quot;background_background&quot;:&quot;classic&quot;}\">\n\t\t\t<div class=\"elementor-column-wrap elementor-element-populated\">\n\t\t\t\t\t\t\t<div class=\"elementor-widget-wrap\">\n\t\t\t\t\t\t<div class=\"elementor-element elementor-element-7053fa54 elementor-widget elementor-widget-heading\" data-id=\"7053fa54\" data-element_type=\"widget\" data-widget_type=\"heading.default\">\n\t\t\t\t<div class=\"elementor-widget-container\">\n\t\t\t<h2 class=\"elementor-heading-title elementor-size-default\">SISTEMAS DE GESTI\u00d3N<\/h2>\t\t<\/div>\n\t\t\t\t<\/div>\n\t\t\t\t<div class=\"elementor-element elementor-element-5d4b5344 elementor-widget elementor-widget-text-editor\" data-id=\"5d4b5344\" data-element_type=\"widget\" data-widget_type=\"text-editor.default\">\n\t\t\t\t<div class=\"elementor-widget-container\">\n\t\t\t\t\t<div class=\"elementor-text-editor elementor-clearfix\"><ul><li>Implantaci\u00f3n, seguimiento y auditor\u00edas internas de sistemas de gesti\u00f3n ambiental \u00a0 \u00a0 \u00a0 \u00a0(UNE-EN ISO 14001).<\/li><li>Implantaci\u00f3n, seguimiento y auditor\u00edas internas de sistemas de gesti\u00f3n de la calidad \u00a0 \u00a0(UNE-EN ISO 9001).<\/li><li>Resoluci\u00f3n de no conformidades.<\/li><\/ul><\/div>\n\t\t\t\t<\/div>\n\t\t\t\t<\/div>\n\t\t\t\t\t\t<\/div>\n\t\t\t\t\t<\/div>\n\t\t<\/div>\n\t\t\t\t\t\t\t\t<\/div>\n\t\t\t\t\t<\/div>\n\t\t<\/section>\n\t\t\t\t<section class=\"elementor-section elementor-top-section elementor-element elementor-element-1aa74731 elementor-section-boxed elementor-section-height-default elementor-section-height-default\" data-id=\"1aa74731\" data-element_type=\"section\">\n\t\t\t\t\t\t<div class=\"elementor-container elementor-column-gap-default\">\n\t\t\t\t\t\t\t<div class=\"elementor-row\">\n\t\t\t\t\t<div class=\"elementor-column elementor-col-100 elementor-top-column elementor-element elementor-element-45b903f\" data-id=\"45b903f\" data-element_type=\"column\">\n\t\t\t<div class=\"elementor-column-wrap elementor-element-populated\">\n\t\t\t\t\t\t\t<div class=\"elementor-widget-wrap\">\n\t\t\t\t\t\t<div class=\"elementor-element elementor-element-0953953 elementor-widget elementor-widget-spacer\" data-id=\"0953953\" data-element_type=\"widget\" data-widget_type=\"spacer.default\">\n\t\t\t\t<div class=\"elementor-widget-container\">\n\t\t\t\t\t<div class=\"elementor-spacer\">\n\t\t\t<div class=\"elementor-spacer-inner\"><\/div>\n\t\t<\/div>\n\t\t\t\t<\/div>\n\t\t\t\t<\/div>\n\t\t\t\t<div class=\"elementor-element elementor-element-2a8ea620 elementor-widget elementor-widget-image\" data-id=\"2a8ea620\" data-element_type=\"widget\" data-widget_type=\"image.default\">\n\t\t\t\t<div class=\"elementor-widget-container\">\n\t\t\t\t\t<div class=\"elementor-image\">\n\t\t\t\t\t\t\t\t\t\t<img width=\"135\" height=\"147\" src=\"https:\/\/nimaingenieria.com\/wp-content\/uploads\/2019\/02\/3-calidad.png\" class=\"attachment-full size-full\" alt=\"\" loading=\"lazy\" \/>\t\t\t\t\t\t\t\t\t\t\t<\/div>\n\t\t\t\t<\/div>\n\t\t\t\t<\/div>\n\t\t\t\t\t\t<\/div>\n\t\t\t\t\t<\/div>\n\t\t<\/div>\n\t\t\t\t\t\t\t\t<\/div>\n\t\t\t\t\t<\/div>\n\t\t<\/section>\n\t\t\t\t\t\t<\/div>\n\t\t\t\t\t\t<\/div>\n\t\t\t\t\t<\/div>\n\t\t","protected":false},"excerpt":{"rendered":"<p>SERVICIOS SISTEMAS DE GESTI\u00d3N Implantaci\u00f3n, seguimiento y auditor\u00edas internas de sistemas de gesti\u00f3n ambiental &nbsp; &nbsp; &nbsp; &nbsp;(UNE-EN ISO 14001). Implantaci\u00f3n, seguimiento y auditor\u00edas internas de sistemas de gesti\u00f3n de la calidad &nbsp; &nbsp;(UNE-EN ISO 9001). Resoluci\u00f3n de no conformidades.<\/p>\n","protected":false},"author":1,"featured_media":0,"parent":0,"menu_order":0,"comment_status":"closed","ping_status":"closed","template":"","meta":[],"yoast_head":"<!-- This site is optimized with the Yoast SEO plugin v15.1.1 - https:\/\/yoast.com\/wordpress\/plugins\/seo\/ -->\n<title>SISTEMAS DE GESTI\u00d3N -<\/title>\n<meta name=\"robots\" content=\"index, follow, max-snippet:-1, max-image-preview:large, max-video-preview:-1\" \/>\n<link rel=\"canonical\" href=\"https:\/\/nimaingenieria.com\/index.php\/sistemas-de-gestion\/\" \/>\n<meta property=\"og:locale\" content=\"es_ES\" \/>\n<meta property=\"og:type\" content=\"article\" \/>\n<meta property=\"og:title\" content=\"SISTEMAS DE GESTI\u00d3N -\" \/>\n<meta property=\"og:description\" content=\"SERVICIOS SISTEMAS DE GESTI\u00d3N Implantaci\u00f3n, seguimiento y auditor\u00edas internas de sistemas de gesti\u00f3n ambiental &nbsp; &nbsp; &nbsp; &nbsp;(UNE-EN ISO 14001). Implantaci\u00f3n, seguimiento y auditor\u00edas internas de sistemas de gesti\u00f3n de la calidad &nbsp; &nbsp;(UNE-EN ISO 9001). Resoluci\u00f3n de no conformidades.\" \/>\n<meta property=\"og:url\" content=\"https:\/\/nimaingenieria.com\/index.php\/sistemas-de-gestion\/\" \/>\n<meta property=\"article:modified_time\" content=\"2019-03-18T11:52:40+00:00\" \/>\n<meta property=\"og:image\" content=\"https:\/\/nimaingenieria.com\/wp-content\/uploads\/2019\/02\/3-calidad.png\" \/>\n<meta name=\"twitter:card\" content=\"summary_large_image\" \/>\n<script type=\"application\/ld+json\" class=\"yoast-schema-graph\">{\"@context\":\"https:\/\/schema.org\",\"@graph\":[{\"@type\":\"Organization\",\"@id\":\"https:\/\/nimaingenieria.com\/#organization\",\"name\":\"NIMA INGENIER\\u00cdA Y MEDIO AMBIENTE\",\"url\":\"https:\/\/nimaingenieria.com\/\",\"sameAs\":[\"https:\/\/www.linkedin.com\/in\/h\\u00e9ctor-gimeno-garc\\u00eda\"],\"logo\":{\"@type\":\"ImageObject\",\"@id\":\"https:\/\/nimaingenieria.com\/#logo\",\"inLanguage\":\"es\",\"url\":\"https:\/\/nimaingenieria.com\/wp-content\/uploads\/2019\/02\/LOGO-7.png\",\"width\":315,\"height\":112,\"caption\":\"NIMA INGENIER\\u00cdA Y MEDIO AMBIENTE\"},\"image\":{\"@id\":\"https:\/\/nimaingenieria.com\/#logo\"}},{\"@type\":\"WebSite\",\"@id\":\"https:\/\/nimaingenieria.com\/#website\",\"url\":\"https:\/\/nimaingenieria.com\/\",\"name\":\"\",\"description\":\"\",\"publisher\":{\"@id\":\"https:\/\/nimaingenieria.com\/#organization\"},\"potentialAction\":[{\"@type\":\"SearchAction\",\"target\":\"https:\/\/nimaingenieria.com\/?s={search_term_string}\",\"query-input\":\"required name=search_term_string\"}],\"inLanguage\":\"es\"},{\"@type\":\"ImageObject\",\"@id\":\"https:\/\/nimaingenieria.com\/index.php\/sistemas-de-gestion\/#primaryimage\",\"inLanguage\":\"es\",\"url\":\"https:\/\/nimaingenieria.com\/wp-content\/uploads\/2019\/02\/3-calidad.png\",\"width\":135,\"height\":147},{\"@type\":\"WebPage\",\"@id\":\"https:\/\/nimaingenieria.com\/index.php\/sistemas-de-gestion\/#webpage\",\"url\":\"https:\/\/nimaingenieria.com\/index.php\/sistemas-de-gestion\/\",\"name\":\"SISTEMAS DE GESTI\\u00d3N -\",\"isPartOf\":{\"@id\":\"https:\/\/nimaingenieria.com\/#website\"},\"primaryImageOfPage\":{\"@id\":\"https:\/\/nimaingenieria.com\/index.php\/sistemas-de-gestion\/#primaryimage\"},\"datePublished\":\"2019-02-28T09:47:24+00:00\",\"dateModified\":\"2019-03-18T11:52:40+00:00\",\"inLanguage\":\"es\",\"potentialAction\":[{\"@type\":\"ReadAction\",\"target\":[\"https:\/\/nimaingenieria.com\/index.php\/sistemas-de-gestion\/\"]}]}]}<\/script>\n<!-- \/ Yoast SEO plugin. -->","_links":{"self":[{"href":"https:\/\/nimaingenieria.com\/index.php\/wp-json\/wp\/v2\/pages\/91"}],"collection":[{"href":"https:\/\/nimaingenieria.com\/index.php\/wp-json\/wp\/v2\/pages"}],"about":[{"href":"https:\/\/nimaingenieria.com\/index.php\/wp-json\/wp\/v2\/types\/page"}],"author":[{"embeddable":true,"href":"https:\/\/nimaingenieria.com\/index.php\/wp-json\/wp\/v2\/users\/1"}],"replies":[{"embeddable":true,"href":"https:\/\/nimaingenieria.com\/index.php\/wp-json\/wp\/v2\/comments?post=91"}],"version-history":[{"count":5,"href":"https:\/\/nimaingenieria.com\/index.php\/wp-json\/wp\/v2\/pages\/91\/revisions"}],"predecessor-version":[{"id":237,"href":"https:\/\/nimaingenieria.com\/index.php\/wp-json\/wp\/v2\/pages\/91\/revisions\/237"}],"wp:attachment":[{"href":"https:\/\/nimaingenieria.com\/index.php\/wp-json\/wp\/v2\/media?parent=91"}],"curies":[{"name":"wp","href":"https:\/\/api.w.org\/{rel}","templated":true}]}}