{"id":87,"date":"2019-02-28T09:46:38","date_gmt":"2019-02-28T09:46:38","guid":{"rendered":"https:\/\/nimaingenieria.com\/?page_id=87"},"modified":"2020-04-22T19:28:53","modified_gmt":"2020-04-22T19:28:53","slug":"cambio-climatico-comercio-de-emisiones","status":"publish","type":"page","link":"https:\/\/nimaingenieria.com\/index.php\/cambio-climatico-comercio-de-emisiones\/","title":{"rendered":"CAMBIO CLIM\u00c1TICO \/ COMERCIO DE EMISIONES"},"content":{"rendered":"\t\t<div data-elementor-type=\"wp-post\" data-elementor-id=\"87\" class=\"elementor elementor-87\" data-elementor-settings=\"[]\">\n\t\t\t\t\t\t<div class=\"elementor-inner\">\n\t\t\t\t\t\t\t<div class=\"elementor-section-wrap\">\n\t\t\t\t\t\t\t<section class=\"elementor-section elementor-top-section elementor-element elementor-element-2173117a elementor-section-height-min-height elementor-section-boxed elementor-section-height-default elementor-section-items-middle\" data-id=\"2173117a\" data-element_type=\"section\" data-settings=\"{&quot;background_background&quot;:&quot;classic&quot;}\">\n\t\t\t\t\t\t\t<div class=\"elementor-background-overlay\"><\/div>\n\t\t\t\t\t\t\t<div class=\"elementor-container elementor-column-gap-default\">\n\t\t\t\t\t\t\t<div class=\"elementor-row\">\n\t\t\t\t\t<div class=\"elementor-column elementor-col-100 elementor-top-column elementor-element elementor-element-2932053a\" data-id=\"2932053a\" data-element_type=\"column\" data-settings=\"{&quot;background_background&quot;:&quot;classic&quot;}\">\n\t\t\t<div class=\"elementor-column-wrap elementor-element-populated\">\n\t\t\t\t\t\t\t<div class=\"elementor-widget-wrap\">\n\t\t\t\t\t\t<div class=\"elementor-element elementor-element-1f46fc02 elementor-widget elementor-widget-heading\" data-id=\"1f46fc02\" data-element_type=\"widget\" data-widget_type=\"heading.default\">\n\t\t\t\t<div class=\"elementor-widget-container\">\n\t\t\t<h3 class=\"elementor-heading-title elementor-size-large\"><a href=\"https:\/\/nimaingenieria.com\/index.php\/servicios\/\">SERVICIOS<\/a><\/h3>\t\t<\/div>\n\t\t\t\t<\/div>\n\t\t\t\t\t\t<\/div>\n\t\t\t\t\t<\/div>\n\t\t<\/div>\n\t\t\t\t\t\t\t\t<\/div>\n\t\t\t\t\t<\/div>\n\t\t<\/section>\n\t\t\t\t<section class=\"elementor-section elementor-top-section elementor-element elementor-element-20dc7d3 elementor-section-boxed elementor-section-height-default elementor-section-height-default\" data-id=\"20dc7d3\" data-element_type=\"section\">\n\t\t\t\t\t\t<div class=\"elementor-container elementor-column-gap-default\">\n\t\t\t\t\t\t\t<div class=\"elementor-row\">\n\t\t\t\t\t<div class=\"elementor-column elementor-col-100 elementor-top-column elementor-element elementor-element-b3d3176\" data-id=\"b3d3176\" data-element_type=\"column\" data-settings=\"{&quot;background_background&quot;:&quot;classic&quot;}\">\n\t\t\t<div class=\"elementor-column-wrap elementor-element-populated\">\n\t\t\t\t\t\t\t<div class=\"elementor-widget-wrap\">\n\t\t\t\t\t\t<div class=\"elementor-element elementor-element-b5bf7f2 elementor-widget elementor-widget-heading\" data-id=\"b5bf7f2\" data-element_type=\"widget\" data-widget_type=\"heading.default\">\n\t\t\t\t<div class=\"elementor-widget-container\">\n\t\t\t<h2 class=\"elementor-heading-title elementor-size-default\">CAMBIO CLIM\u00c1TICO \/ COMERCIO DE DERECHOS DE EMISI\u00d3N<\/h2>\t\t<\/div>\n\t\t\t\t<\/div>\n\t\t\t\t<div class=\"elementor-element elementor-element-4cabace elementor-widget elementor-widget-text-editor\" data-id=\"4cabace\" data-element_type=\"widget\" data-widget_type=\"text-editor.default\">\n\t\t\t\t<div class=\"elementor-widget-container\">\n\t\t\t\t\t<div class=\"elementor-text-editor elementor-clearfix\"><p>Amplia experiencia en cumplimiento del r\u00e9gimen de comercio de derechos de emisi\u00f3n de gases de efecto invernadero:<\/p><ul><li>Autorizaci\u00f3n de emisi\u00f3n de gases de efecto invernadero<ul><li>Solicitud de autorizaci\u00f3n de gases de efecto invernadero.<\/li><li>Elaboraci\u00f3n del Plan de Seguimiento de Emisiones.<\/li><li>Redacci\u00f3n de procedimientos asociados al sistema de seguimiento de emisiones GEI.<\/li><\/ul><\/li><li>Asesoramiento en relaci\u00f3n a la verificaci\u00f3n anual de las emisiones de gases de efecto invernadero.<\/li><li>Asignaci\u00f3n de derechos de emisi\u00f3n de gases de efecto invernadero nuevos entrantes o cambios de capacidad.<\/li><li>Solicitud de asignaci\u00f3n gratuita de derechos de emisi\u00f3n de gases de efecto invernadero para el periodo 2021-2025.<\/li><li>Solicitud de exclusi\u00f3n del r\u00e9gimen de comercio de derechos de emisi\u00f3n.<\/li><li>C\u00e1lculo de la Huella de Carbono y Contrahuella de Carbono.<\/li><li>Proyectos Clima.<\/li><\/ul><\/div>\n\t\t\t\t<\/div>\n\t\t\t\t<\/div>\n\t\t\t\t\t\t<\/div>\n\t\t\t\t\t<\/div>\n\t\t<\/div>\n\t\t\t\t\t\t\t\t<\/div>\n\t\t\t\t\t<\/div>\n\t\t<\/section>\n\t\t\t\t<section class=\"elementor-section elementor-top-section elementor-element elementor-element-868c84a elementor-section-boxed elementor-section-height-default elementor-section-height-default\" data-id=\"868c84a\" data-element_type=\"section\">\n\t\t\t\t\t\t<div class=\"elementor-container elementor-column-gap-default\">\n\t\t\t\t\t\t\t<div class=\"elementor-row\">\n\t\t\t\t\t<div class=\"elementor-column elementor-col-100 elementor-top-column elementor-element elementor-element-7af3f8d\" data-id=\"7af3f8d\" data-element_type=\"column\">\n\t\t\t<div class=\"elementor-column-wrap elementor-element-populated\">\n\t\t\t\t\t\t\t<div class=\"elementor-widget-wrap\">\n\t\t\t\t\t\t<div class=\"elementor-element elementor-element-1b0568a elementor-widget elementor-widget-image\" data-id=\"1b0568a\" data-element_type=\"widget\" data-widget_type=\"image.default\">\n\t\t\t\t<div class=\"elementor-widget-container\">\n\t\t\t\t\t<div class=\"elementor-image\">\n\t\t\t\t\t\t\t\t\t\t<img width=\"121\" height=\"189\" src=\"https:\/\/nimaingenieria.com\/wp-content\/uploads\/2019\/02\/1-fabrica.png\" class=\"attachment-full size-full\" alt=\"\" loading=\"lazy\" \/>\t\t\t\t\t\t\t\t\t\t\t<\/div>\n\t\t\t\t<\/div>\n\t\t\t\t<\/div>\n\t\t\t\t\t\t<\/div>\n\t\t\t\t\t<\/div>\n\t\t<\/div>\n\t\t\t\t\t\t\t\t<\/div>\n\t\t\t\t\t<\/div>\n\t\t<\/section>\n\t\t\t\t\t\t<\/div>\n\t\t\t\t\t\t<\/div>\n\t\t\t\t\t<\/div>\n\t\t","protected":false},"excerpt":{"rendered":"<p>SERVICIOS CAMBIO CLIM\u00c1TICO \/ COMERCIO DE DERECHOS DE EMISI\u00d3N Amplia experiencia en cumplimiento del r\u00e9gimen de comercio de derechos de emisi\u00f3n de gases de efecto invernadero: Autorizaci\u00f3n de emisi\u00f3n de gases de efecto invernadero Solicitud de autorizaci\u00f3n de gases de efecto invernadero. Elaboraci\u00f3n del Plan de Seguimiento de Emisiones. Redacci\u00f3n de procedimientos asociados al sistema<br \/><a class=\"moretag\" href=\"https:\/\/nimaingenieria.com\/index.php\/cambio-climatico-comercio-de-emisiones\/\">+ M\u00e1s informaci\u00f3n<\/a><\/p>\n","protected":false},"author":1,"featured_media":0,"parent":0,"menu_order":0,"comment_status":"closed","ping_status":"closed","template":"","meta":[],"yoast_head":"<!-- This site is optimized with the Yoast SEO plugin v15.1.1 - https:\/\/yoast.com\/wordpress\/plugins\/seo\/ -->\n<title>CAMBIO CLIM\u00c1TICO \/ COMERCIO DE EMISIONES -<\/title>\n<meta name=\"robots\" content=\"index, follow, max-snippet:-1, max-image-preview:large, max-video-preview:-1\" \/>\n<link rel=\"canonical\" href=\"https:\/\/nimaingenieria.com\/index.php\/cambio-climatico-comercio-de-emisiones\/\" \/>\n<meta property=\"og:locale\" content=\"es_ES\" \/>\n<meta property=\"og:type\" content=\"article\" \/>\n<meta property=\"og:title\" content=\"CAMBIO CLIM\u00c1TICO \/ COMERCIO DE EMISIONES -\" \/>\n<meta property=\"og:description\" content=\"SERVICIOS CAMBIO CLIM\u00c1TICO \/ COMERCIO DE DERECHOS DE EMISI\u00d3N Amplia experiencia en cumplimiento del r\u00e9gimen de comercio de derechos de emisi\u00f3n de gases de efecto invernadero: Autorizaci\u00f3n de emisi\u00f3n de gases de efecto invernadero Solicitud de autorizaci\u00f3n de gases de efecto invernadero. Elaboraci\u00f3n del Plan de Seguimiento de Emisiones. Redacci\u00f3n de procedimientos asociados al sistema+ M\u00e1s informaci\u00f3n\" \/>\n<meta property=\"og:url\" content=\"https:\/\/nimaingenieria.com\/index.php\/cambio-climatico-comercio-de-emisiones\/\" \/>\n<meta property=\"article:modified_time\" content=\"2020-04-22T19:28:53+00:00\" \/>\n<meta property=\"og:image\" content=\"https:\/\/nimaingenieria.com\/wp-content\/uploads\/2019\/02\/1-fabrica.png\" \/>\n<meta name=\"twitter:card\" content=\"summary_large_image\" \/>\n<script type=\"application\/ld+json\" class=\"yoast-schema-graph\">{\"@context\":\"https:\/\/schema.org\",\"@graph\":[{\"@type\":\"Organization\",\"@id\":\"https:\/\/nimaingenieria.com\/#organization\",\"name\":\"NIMA INGENIER\\u00cdA Y MEDIO AMBIENTE\",\"url\":\"https:\/\/nimaingenieria.com\/\",\"sameAs\":[\"https:\/\/www.linkedin.com\/in\/h\\u00e9ctor-gimeno-garc\\u00eda\"],\"logo\":{\"@type\":\"ImageObject\",\"@id\":\"https:\/\/nimaingenieria.com\/#logo\",\"inLanguage\":\"es\",\"url\":\"https:\/\/nimaingenieria.com\/wp-content\/uploads\/2019\/02\/LOGO-7.png\",\"width\":315,\"height\":112,\"caption\":\"NIMA INGENIER\\u00cdA Y MEDIO AMBIENTE\"},\"image\":{\"@id\":\"https:\/\/nimaingenieria.com\/#logo\"}},{\"@type\":\"WebSite\",\"@id\":\"https:\/\/nimaingenieria.com\/#website\",\"url\":\"https:\/\/nimaingenieria.com\/\",\"name\":\"\",\"description\":\"\",\"publisher\":{\"@id\":\"https:\/\/nimaingenieria.com\/#organization\"},\"potentialAction\":[{\"@type\":\"SearchAction\",\"target\":\"https:\/\/nimaingenieria.com\/?s={search_term_string}\",\"query-input\":\"required name=search_term_string\"}],\"inLanguage\":\"es\"},{\"@type\":\"ImageObject\",\"@id\":\"https:\/\/nimaingenieria.com\/index.php\/cambio-climatico-comercio-de-emisiones\/#primaryimage\",\"inLanguage\":\"es\",\"url\":\"https:\/\/nimaingenieria.com\/wp-content\/uploads\/2019\/02\/1-fabrica.png\",\"width\":121,\"height\":189},{\"@type\":\"WebPage\",\"@id\":\"https:\/\/nimaingenieria.com\/index.php\/cambio-climatico-comercio-de-emisiones\/#webpage\",\"url\":\"https:\/\/nimaingenieria.com\/index.php\/cambio-climatico-comercio-de-emisiones\/\",\"name\":\"CAMBIO CLIM\\u00c1TICO \/ COMERCIO DE EMISIONES -\",\"isPartOf\":{\"@id\":\"https:\/\/nimaingenieria.com\/#website\"},\"primaryImageOfPage\":{\"@id\":\"https:\/\/nimaingenieria.com\/index.php\/cambio-climatico-comercio-de-emisiones\/#primaryimage\"},\"datePublished\":\"2019-02-28T09:46:38+00:00\",\"dateModified\":\"2020-04-22T19:28:53+00:00\",\"inLanguage\":\"es\",\"potentialAction\":[{\"@type\":\"ReadAction\",\"target\":[\"https:\/\/nimaingenieria.com\/index.php\/cambio-climatico-comercio-de-emisiones\/\"]}]}]}<\/script>\n<!-- \/ Yoast SEO plugin. -->","_links":{"self":[{"href":"https:\/\/nimaingenieria.com\/index.php\/wp-json\/wp\/v2\/pages\/87"}],"collection":[{"href":"https:\/\/nimaingenieria.com\/index.php\/wp-json\/wp\/v2\/pages"}],"about":[{"href":"https:\/\/nimaingenieria.com\/index.php\/wp-json\/wp\/v2\/types\/page"}],"author":[{"embeddable":true,"href":"https:\/\/nimaingenieria.com\/index.php\/wp-json\/wp\/v2\/users\/1"}],"replies":[{"embeddable":true,"href":"https:\/\/nimaingenieria.com\/index.php\/wp-json\/wp\/v2\/comments?post=87"}],"version-history":[{"count":5,"href":"https:\/\/nimaingenieria.com\/index.php\/wp-json\/wp\/v2\/pages\/87\/revisions"}],"predecessor-version":[{"id":262,"href":"https:\/\/nimaingenieria.com\/index.php\/wp-json\/wp\/v2\/pages\/87\/revisions\/262"}],"wp:attachment":[{"href":"https:\/\/nimaingenieria.com\/index.php\/wp-json\/wp\/v2\/media?parent=87"}],"curies":[{"name":"wp","href":"https:\/\/api.w.org\/{rel}","templated":true}]}}