{"id":10,"date":"2019-02-26T11:43:28","date_gmt":"2019-02-26T11:43:28","guid":{"rendered":"https:\/\/nimaingenieria.com\/?page_id=10"},"modified":"2019-03-18T12:25:39","modified_gmt":"2019-03-18T12:25:39","slug":"servicios","status":"publish","type":"page","link":"https:\/\/nimaingenieria.com\/index.php\/servicios\/","title":{"rendered":"Servicios"},"content":{"rendered":"\t\t<div data-elementor-type=\"wp-post\" data-elementor-id=\"10\" class=\"elementor elementor-10 elementor-bc-flex-widget\" data-elementor-settings=\"[]\">\n\t\t\t\t\t\t<div class=\"elementor-inner\">\n\t\t\t\t\t\t\t<div class=\"elementor-section-wrap\">\n\t\t\t\t\t\t\t<section class=\"elementor-section elementor-top-section elementor-element elementor-element-4005048e elementor-section-height-min-height elementor-section-boxed elementor-section-height-default elementor-section-items-middle\" data-id=\"4005048e\" data-element_type=\"section\" data-settings=\"{&quot;background_background&quot;:&quot;classic&quot;}\">\n\t\t\t\t\t\t\t<div class=\"elementor-background-overlay\"><\/div>\n\t\t\t\t\t\t\t<div class=\"elementor-container elementor-column-gap-default\">\n\t\t\t\t\t\t\t<div class=\"elementor-row\">\n\t\t\t\t\t<div class=\"elementor-column elementor-col-100 elementor-top-column elementor-element elementor-element-2dedd1bf\" data-id=\"2dedd1bf\" data-element_type=\"column\">\n\t\t\t<div class=\"elementor-column-wrap elementor-element-populated\">\n\t\t\t\t\t\t\t<div class=\"elementor-widget-wrap\">\n\t\t\t\t\t\t<div class=\"elementor-element elementor-element-3eba31c elementor-widget elementor-widget-heading\" data-id=\"3eba31c\" data-element_type=\"widget\" data-widget_type=\"heading.default\">\n\t\t\t\t<div class=\"elementor-widget-container\">\n\t\t\t<h3 class=\"elementor-heading-title elementor-size-large\">SERVICIOS<\/h3>\t\t<\/div>\n\t\t\t\t<\/div>\n\t\t\t\t<div class=\"elementor-element elementor-element-3dbfc16d elementor-widget elementor-widget-text-editor\" data-id=\"3dbfc16d\" data-element_type=\"widget\" data-widget_type=\"text-editor.default\">\n\t\t\t\t<div class=\"elementor-widget-container\">\n\t\t\t\t\t<div class=\"elementor-text-editor elementor-clearfix\"><p>Conocimiento y experiencia para darte las mejores soluciones.<\/p><\/div>\n\t\t\t\t<\/div>\n\t\t\t\t<\/div>\n\t\t\t\t\t\t<\/div>\n\t\t\t\t\t<\/div>\n\t\t<\/div>\n\t\t\t\t\t\t\t\t<\/div>\n\t\t\t\t\t<\/div>\n\t\t<\/section>\n\t\t\t\t<section class=\"elementor-section elementor-top-section elementor-element elementor-element-25a2e5ca elementor-section-height-min-height elementor-section-items-stretch elementor-section-content-bottom elementor-section-full_width elementor-section-height-default\" data-id=\"25a2e5ca\" data-element_type=\"section\">\n\t\t\t\t\t\t<div class=\"elementor-container elementor-column-gap-default\">\n\t\t\t\t\t\t\t<div class=\"elementor-row\">\n\t\t\t\t\t<div class=\"elementor-column elementor-col-25 elementor-top-column elementor-element elementor-element-180846df\" data-id=\"180846df\" data-element_type=\"column\" data-settings=\"{&quot;background_background&quot;:&quot;classic&quot;}\">\n\t\t\t<div class=\"elementor-column-wrap elementor-element-populated\">\n\t\t\t\t\t\t\t<div class=\"elementor-widget-wrap\">\n\t\t\t\t\t\t<div class=\"elementor-element elementor-element-4b9a0a40 elementor-widget elementor-widget-image\" data-id=\"4b9a0a40\" data-element_type=\"widget\" data-widget_type=\"image.default\">\n\t\t\t\t<div class=\"elementor-widget-container\">\n\t\t\t\t\t<div class=\"elementor-image\">\n\t\t\t\t\t\t\t\t\t\t<img src=\"https:\/\/nimaingenieria.com\/wp-content\/uploads\/2019\/02\/1-fabrica.png\" title=\"1-fabrica\" alt=\"1-fabrica\" \/>\t\t\t\t\t\t\t\t\t\t\t<\/div>\n\t\t\t\t<\/div>\n\t\t\t\t<\/div>\n\t\t\t\t<div class=\"elementor-element elementor-element-26b6bcb elementor-widget elementor-widget-spacer\" data-id=\"26b6bcb\" data-element_type=\"widget\" data-widget_type=\"spacer.default\">\n\t\t\t\t<div class=\"elementor-widget-container\">\n\t\t\t\t\t<div class=\"elementor-spacer\">\n\t\t\t<div class=\"elementor-spacer-inner\"><\/div>\n\t\t<\/div>\n\t\t\t\t<\/div>\n\t\t\t\t<\/div>\n\t\t\t\t<div class=\"elementor-element elementor-element-33a074d7 elementor-widget elementor-widget-heading\" data-id=\"33a074d7\" data-element_type=\"widget\" data-widget_type=\"heading.default\">\n\t\t\t\t<div class=\"elementor-widget-container\">\n\t\t\t<h3 class=\"elementor-heading-title elementor-size-large\">Cambio clim\u00e1tico \/ Comercio de derechos de emisi\u00f3n<\/h3>\t\t<\/div>\n\t\t\t\t<\/div>\n\t\t\t\t<div class=\"elementor-element elementor-element-501fb005 elementor-widget elementor-widget-text-editor\" data-id=\"501fb005\" data-element_type=\"widget\" data-widget_type=\"text-editor.default\">\n\t\t\t\t<div class=\"elementor-widget-container\">\n\t\t\t\t\t<div class=\"elementor-text-editor elementor-clearfix\"><p>Amplia experiencia en cumplimiento del r\u00e9gimen de comercio de derechos de emisi\u00f3n de gases de efecto invernadero.<\/p><\/div>\n\t\t\t\t<\/div>\n\t\t\t\t<\/div>\n\t\t\t\t<div class=\"elementor-element elementor-element-ce59bd3 elementor-widget elementor-widget-heading\" data-id=\"ce59bd3\" data-element_type=\"widget\" data-widget_type=\"heading.default\">\n\t\t\t\t<div class=\"elementor-widget-container\">\n\t\t\t<h5 class=\"elementor-heading-title elementor-size-small\"><a href=\"https:\/\/nimaingenieria.com\/index.php\/cambio-climatico-comercio-de-emisiones\/\">saber m\u00e1s<\/a><\/h5>\t\t<\/div>\n\t\t\t\t<\/div>\n\t\t\t\t\t\t<\/div>\n\t\t\t\t\t<\/div>\n\t\t<\/div>\n\t\t\t\t<div class=\"elementor-column elementor-col-25 elementor-top-column elementor-element elementor-element-4d9e26eb\" data-id=\"4d9e26eb\" data-element_type=\"column\" data-settings=\"{&quot;background_background&quot;:&quot;classic&quot;}\">\n\t\t\t<div class=\"elementor-column-wrap elementor-element-populated\">\n\t\t\t\t\t\t\t<div class=\"elementor-widget-wrap\">\n\t\t\t\t\t\t<div class=\"elementor-element elementor-element-21543987 elementor-widget elementor-widget-image\" data-id=\"21543987\" data-element_type=\"widget\" data-widget_type=\"image.default\">\n\t\t\t\t<div class=\"elementor-widget-container\">\n\t\t\t\t\t<div class=\"elementor-image\">\n\t\t\t\t\t\t\t\t\t\t<img width=\"121\" height=\"147\" src=\"https:\/\/nimaingenieria.com\/wp-content\/uploads\/2019\/02\/2-mano-arbol.png\" class=\"attachment-full size-full\" alt=\"\" loading=\"lazy\" \/>\t\t\t\t\t\t\t\t\t\t\t<\/div>\n\t\t\t\t<\/div>\n\t\t\t\t<\/div>\n\t\t\t\t<div class=\"elementor-element elementor-element-d9e5902 elementor-widget elementor-widget-spacer\" data-id=\"d9e5902\" data-element_type=\"widget\" data-widget_type=\"spacer.default\">\n\t\t\t\t<div class=\"elementor-widget-container\">\n\t\t\t\t\t<div class=\"elementor-spacer\">\n\t\t\t<div class=\"elementor-spacer-inner\"><\/div>\n\t\t<\/div>\n\t\t\t\t<\/div>\n\t\t\t\t<\/div>\n\t\t\t\t<div class=\"elementor-element elementor-element-71b54c13 elementor-widget elementor-widget-heading\" data-id=\"71b54c13\" data-element_type=\"widget\" data-widget_type=\"heading.default\">\n\t\t\t\t<div class=\"elementor-widget-container\">\n\t\t\t<h3 class=\"elementor-heading-title elementor-size-large\">Asesor\u00eda Medioambiental<\/h3>\t\t<\/div>\n\t\t\t\t<\/div>\n\t\t\t\t<div class=\"elementor-element elementor-element-32e57a16 elementor-widget elementor-widget-text-editor\" data-id=\"32e57a16\" data-element_type=\"widget\" data-widget_type=\"text-editor.default\">\n\t\t\t\t<div class=\"elementor-widget-container\">\n\t\t\t\t\t<div class=\"elementor-text-editor elementor-clearfix\"><p>Los servicios ofertados se ajustan a las necesidades de la empresa, el primer paso es conocer la situaci\u00f3n inicial para lo que se realiza una auditor\u00eda completa.<\/p><\/div>\n\t\t\t\t<\/div>\n\t\t\t\t<\/div>\n\t\t\t\t<div class=\"elementor-element elementor-element-7b0cfe62 elementor-widget elementor-widget-heading\" data-id=\"7b0cfe62\" data-element_type=\"widget\" data-widget_type=\"heading.default\">\n\t\t\t\t<div class=\"elementor-widget-container\">\n\t\t\t<h5 class=\"elementor-heading-title elementor-size-small\"><a href=\"https:\/\/nimaingenieria.com\/index.php\/asesoria-medioambiental\/\"><span class=\"elementor-heading-title elementor-size-small elementor-inline-editing pen\" data-elementor-setting-key=\"title\" data-pen-placeholder=\"Teclea aqu\u00ed...\" style=\"color: rgb(148, 191, 42);\">SABER M\u00c1S<\/span><\/a><\/h5>\t\t<\/div>\n\t\t\t\t<\/div>\n\t\t\t\t\t\t<\/div>\n\t\t\t\t\t<\/div>\n\t\t<\/div>\n\t\t\t\t<div class=\"elementor-column elementor-col-25 elementor-top-column elementor-element elementor-element-42cf5ef\" data-id=\"42cf5ef\" data-element_type=\"column\" data-settings=\"{&quot;background_background&quot;:&quot;classic&quot;}\">\n\t\t\t<div class=\"elementor-column-wrap elementor-element-populated\">\n\t\t\t\t\t\t\t<div class=\"elementor-widget-wrap\">\n\t\t\t\t\t\t<div class=\"elementor-element elementor-element-46860b59 elementor-widget elementor-widget-image\" data-id=\"46860b59\" data-element_type=\"widget\" data-widget_type=\"image.default\">\n\t\t\t\t<div class=\"elementor-widget-container\">\n\t\t\t\t\t<div class=\"elementor-image\">\n\t\t\t\t\t\t\t\t\t\t<img width=\"135\" height=\"147\" src=\"https:\/\/nimaingenieria.com\/wp-content\/uploads\/2019\/02\/3-calidad.png\" class=\"attachment-full size-full\" alt=\"\" loading=\"lazy\" \/>\t\t\t\t\t\t\t\t\t\t\t<\/div>\n\t\t\t\t<\/div>\n\t\t\t\t<\/div>\n\t\t\t\t<div class=\"elementor-element elementor-element-46bce65 elementor-widget elementor-widget-spacer\" data-id=\"46bce65\" data-element_type=\"widget\" data-widget_type=\"spacer.default\">\n\t\t\t\t<div class=\"elementor-widget-container\">\n\t\t\t\t\t<div class=\"elementor-spacer\">\n\t\t\t<div class=\"elementor-spacer-inner\"><\/div>\n\t\t<\/div>\n\t\t\t\t<\/div>\n\t\t\t\t<\/div>\n\t\t\t\t<div class=\"elementor-element elementor-element-67d74dd2 elementor-widget elementor-widget-heading\" data-id=\"67d74dd2\" data-element_type=\"widget\" data-widget_type=\"heading.default\">\n\t\t\t\t<div class=\"elementor-widget-container\">\n\t\t\t<h3 class=\"elementor-heading-title elementor-size-large\">\nSistemas de Gesti\u00f3n de Calidad y Medio Ambiente<\/h3>\t\t<\/div>\n\t\t\t\t<\/div>\n\t\t\t\t<div class=\"elementor-element elementor-element-51972aa elementor-widget-divider--view-line elementor-widget elementor-widget-divider\" data-id=\"51972aa\" data-element_type=\"widget\" data-widget_type=\"divider.default\">\n\t\t\t\t<div class=\"elementor-widget-container\">\n\t\t\t\t\t<div class=\"elementor-divider\">\n\t\t\t<span class=\"elementor-divider-separator\">\n\t\t\t\t\t\t<\/span>\n\t\t<\/div>\n\t\t\t\t<\/div>\n\t\t\t\t<\/div>\n\t\t\t\t<div class=\"elementor-element elementor-element-b14e324 elementor-widget elementor-widget-text-editor\" data-id=\"b14e324\" data-element_type=\"widget\" data-widget_type=\"text-editor.default\">\n\t\t\t\t<div class=\"elementor-widget-container\">\n\t\t\t\t\t<div class=\"elementor-text-editor elementor-clearfix\"><p>Implantaci\u00f3n, seguimiento y auditor\u00edas internas de sistemas de gesti\u00f3n ambiental<span class=\"Apple-converted-space\">&nbsp;y calidad.<\/span><\/p>\n<p><\/p><\/div>\n\t\t\t\t<\/div>\n\t\t\t\t<\/div>\n\t\t\t\t<div class=\"elementor-element elementor-element-68ed96d4 elementor-widget elementor-widget-heading\" data-id=\"68ed96d4\" data-element_type=\"widget\" data-widget_type=\"heading.default\">\n\t\t\t\t<div class=\"elementor-widget-container\">\n\t\t\t<h5 class=\"elementor-heading-title elementor-size-small\"><a href=\"https:\/\/nimaingenieria.com\/index.php\/sistemas-de-gestion\/\"><span class=\"elementor-heading-title elementor-size-small elementor-inline-editing pen\" data-elementor-setting-key=\"title\" data-pen-placeholder=\"Teclea aqu\u00ed...\" style=\"color: rgb(148, 191, 42);\">SABER M\u00c1S<\/span><\/a><\/h5>\t\t<\/div>\n\t\t\t\t<\/div>\n\t\t\t\t\t\t<\/div>\n\t\t\t\t\t<\/div>\n\t\t<\/div>\n\t\t\t\t<div class=\"elementor-column elementor-col-25 elementor-top-column elementor-element elementor-element-49089910\" data-id=\"49089910\" data-element_type=\"column\" data-settings=\"{&quot;background_background&quot;:&quot;classic&quot;}\">\n\t\t\t<div class=\"elementor-column-wrap elementor-element-populated\">\n\t\t\t\t\t\t\t<div class=\"elementor-widget-wrap\">\n\t\t\t\t\t\t<div class=\"elementor-element elementor-element-d344a90 elementor-widget elementor-widget-spacer\" data-id=\"d344a90\" data-element_type=\"widget\" data-widget_type=\"spacer.default\">\n\t\t\t\t<div class=\"elementor-widget-container\">\n\t\t\t\t\t<div class=\"elementor-spacer\">\n\t\t\t<div class=\"elementor-spacer-inner\"><\/div>\n\t\t<\/div>\n\t\t\t\t<\/div>\n\t\t\t\t<\/div>\n\t\t\t\t<div class=\"elementor-element elementor-element-59bf96ce elementor-widget elementor-widget-image\" data-id=\"59bf96ce\" data-element_type=\"widget\" data-widget_type=\"image.default\">\n\t\t\t\t<div class=\"elementor-widget-container\">\n\t\t\t\t\t<div class=\"elementor-image\">\n\t\t\t\t\t\t\t\t\t\t<img width=\"105\" height=\"147\" src=\"https:\/\/nimaingenieria.com\/wp-content\/uploads\/2019\/02\/4-agronomo.png\" class=\"attachment-full size-full\" alt=\"\" loading=\"lazy\" \/>\t\t\t\t\t\t\t\t\t\t\t<\/div>\n\t\t\t\t<\/div>\n\t\t\t\t<\/div>\n\t\t\t\t<div class=\"elementor-element elementor-element-22f9741 elementor-widget elementor-widget-spacer\" data-id=\"22f9741\" data-element_type=\"widget\" data-widget_type=\"spacer.default\">\n\t\t\t\t<div class=\"elementor-widget-container\">\n\t\t\t\t\t<div class=\"elementor-spacer\">\n\t\t\t<div class=\"elementor-spacer-inner\"><\/div>\n\t\t<\/div>\n\t\t\t\t<\/div>\n\t\t\t\t<\/div>\n\t\t\t\t<div class=\"elementor-element elementor-element-735f6ba8 elementor-widget elementor-widget-heading\" data-id=\"735f6ba8\" data-element_type=\"widget\" data-widget_type=\"heading.default\">\n\t\t\t\t<div class=\"elementor-widget-container\">\n\t\t\t<h3 class=\"elementor-heading-title elementor-size-large\">Ingenier\u00eda<\/h3>\t\t<\/div>\n\t\t\t\t<\/div>\n\t\t\t\t<div class=\"elementor-element elementor-element-43fbc8b0 elementor-widget elementor-widget-text-editor\" data-id=\"43fbc8b0\" data-element_type=\"widget\" data-widget_type=\"text-editor.default\">\n\t\t\t\t<div class=\"elementor-widget-container\">\n\t\t\t\t\t<div class=\"elementor-text-editor elementor-clearfix\"><p>Realizaci\u00f3n de estudios ambientales y de paisaje apoyado en cartograf\u00eda desarrollada con GIS, as\u00ed como\u00a0servicios para el sector agropecuario e industrial.<\/p><\/div>\n\t\t\t\t<\/div>\n\t\t\t\t<\/div>\n\t\t\t\t<div class=\"elementor-element elementor-element-6166278e elementor-widget elementor-widget-heading\" data-id=\"6166278e\" data-element_type=\"widget\" data-widget_type=\"heading.default\">\n\t\t\t\t<div class=\"elementor-widget-container\">\n\t\t\t<h5 class=\"elementor-heading-title elementor-size-small\"><a href=\"https:\/\/nimaingenieria.com\/index.php\/ingenieria\/\"><span class=\"elementor-heading-title elementor-size-small elementor-inline-editing pen\" data-elementor-setting-key=\"title\" data-pen-placeholder=\"Teclea aqu\u00ed...\" style=\"color: rgb(148, 191, 42);\">SABER M\u00c1S<\/span><\/a><\/h5>\t\t<\/div>\n\t\t\t\t<\/div>\n\t\t\t\t\t\t<\/div>\n\t\t\t\t\t<\/div>\n\t\t<\/div>\n\t\t\t\t\t\t\t\t<\/div>\n\t\t\t\t\t<\/div>\n\t\t<\/section>\n\t\t\t\t\t\t<\/div>\n\t\t\t\t\t\t<\/div>\n\t\t\t\t\t<\/div>\n\t\t","protected":false},"excerpt":{"rendered":"<p>SERVICIOS Conocimiento y experiencia para darte las mejores soluciones. Cambio clim\u00e1tico \/ Comercio de derechos de emisi\u00f3n Amplia experiencia en cumplimiento del r\u00e9gimen de comercio de derechos de emisi\u00f3n de gases de efecto invernadero. saber m\u00e1s Asesor\u00eda Medioambiental Los servicios ofertados se ajustan a las necesidades de la empresa, el primer paso es conocer la<br \/><a class=\"moretag\" href=\"https:\/\/nimaingenieria.com\/index.php\/servicios\/\">+ M\u00e1s informaci\u00f3n<\/a><\/p>\n","protected":false},"author":1,"featured_media":0,"parent":0,"menu_order":0,"comment_status":"closed","ping_status":"closed","template":"","meta":[],"yoast_head":"<!-- This site is optimized with the Yoast SEO plugin v15.1.1 - https:\/\/yoast.com\/wordpress\/plugins\/seo\/ -->\n<title>Servicios -<\/title>\n<meta name=\"robots\" content=\"index, follow, max-snippet:-1, max-image-preview:large, max-video-preview:-1\" \/>\n<link rel=\"canonical\" href=\"https:\/\/nimaingenieria.com\/index.php\/servicios\/\" \/>\n<meta property=\"og:locale\" content=\"es_ES\" \/>\n<meta property=\"og:type\" content=\"article\" \/>\n<meta property=\"og:title\" content=\"Servicios -\" \/>\n<meta property=\"og:description\" content=\"SERVICIOS Conocimiento y experiencia para darte las mejores soluciones. Cambio clim\u00e1tico \/ Comercio de derechos de emisi\u00f3n Amplia experiencia en cumplimiento del r\u00e9gimen de comercio de derechos de emisi\u00f3n de gases de efecto invernadero. saber m\u00e1s Asesor\u00eda Medioambiental Los servicios ofertados se ajustan a las necesidades de la empresa, el primer paso es conocer la+ M\u00e1s informaci\u00f3n\" \/>\n<meta property=\"og:url\" content=\"https:\/\/nimaingenieria.com\/index.php\/servicios\/\" \/>\n<meta property=\"article:modified_time\" content=\"2019-03-18T12:25:39+00:00\" \/>\n<meta property=\"og:image\" content=\"https:\/\/nimaingenieria.com\/wp-content\/uploads\/2019\/02\/1-fabrica.png\" \/>\n<meta name=\"twitter:card\" content=\"summary_large_image\" \/>\n<script type=\"application\/ld+json\" class=\"yoast-schema-graph\">{\"@context\":\"https:\/\/schema.org\",\"@graph\":[{\"@type\":\"Organization\",\"@id\":\"https:\/\/nimaingenieria.com\/#organization\",\"name\":\"NIMA INGENIER\\u00cdA Y MEDIO AMBIENTE\",\"url\":\"https:\/\/nimaingenieria.com\/\",\"sameAs\":[\"https:\/\/www.linkedin.com\/in\/h\\u00e9ctor-gimeno-garc\\u00eda\"],\"logo\":{\"@type\":\"ImageObject\",\"@id\":\"https:\/\/nimaingenieria.com\/#logo\",\"inLanguage\":\"es\",\"url\":\"https:\/\/nimaingenieria.com\/wp-content\/uploads\/2019\/02\/LOGO-7.png\",\"width\":315,\"height\":112,\"caption\":\"NIMA INGENIER\\u00cdA Y MEDIO AMBIENTE\"},\"image\":{\"@id\":\"https:\/\/nimaingenieria.com\/#logo\"}},{\"@type\":\"WebSite\",\"@id\":\"https:\/\/nimaingenieria.com\/#website\",\"url\":\"https:\/\/nimaingenieria.com\/\",\"name\":\"\",\"description\":\"\",\"publisher\":{\"@id\":\"https:\/\/nimaingenieria.com\/#organization\"},\"potentialAction\":[{\"@type\":\"SearchAction\",\"target\":\"https:\/\/nimaingenieria.com\/?s={search_term_string}\",\"query-input\":\"required name=search_term_string\"}],\"inLanguage\":\"es\"},{\"@type\":\"ImageObject\",\"@id\":\"https:\/\/nimaingenieria.com\/index.php\/servicios\/#primaryimage\",\"inLanguage\":\"es\",\"url\":\"https:\/\/nimaingenieria.com\/wp-content\/uploads\/2019\/02\/1-fabrica.png\",\"width\":121,\"height\":189},{\"@type\":\"WebPage\",\"@id\":\"https:\/\/nimaingenieria.com\/index.php\/servicios\/#webpage\",\"url\":\"https:\/\/nimaingenieria.com\/index.php\/servicios\/\",\"name\":\"Servicios -\",\"isPartOf\":{\"@id\":\"https:\/\/nimaingenieria.com\/#website\"},\"primaryImageOfPage\":{\"@id\":\"https:\/\/nimaingenieria.com\/index.php\/servicios\/#primaryimage\"},\"datePublished\":\"2019-02-26T11:43:28+00:00\",\"dateModified\":\"2019-03-18T12:25:39+00:00\",\"inLanguage\":\"es\",\"potentialAction\":[{\"@type\":\"ReadAction\",\"target\":[\"https:\/\/nimaingenieria.com\/index.php\/servicios\/\"]}]}]}<\/script>\n<!-- \/ Yoast SEO plugin. -->","_links":{"self":[{"href":"https:\/\/nimaingenieria.com\/index.php\/wp-json\/wp\/v2\/pages\/10"}],"collection":[{"href":"https:\/\/nimaingenieria.com\/index.php\/wp-json\/wp\/v2\/pages"}],"about":[{"href":"https:\/\/nimaingenieria.com\/index.php\/wp-json\/wp\/v2\/types\/page"}],"author":[{"embeddable":true,"href":"https:\/\/nimaingenieria.com\/index.php\/wp-json\/wp\/v2\/users\/1"}],"replies":[{"embeddable":true,"href":"https:\/\/nimaingenieria.com\/index.php\/wp-json\/wp\/v2\/comments?post=10"}],"version-history":[{"count":26,"href":"https:\/\/nimaingenieria.com\/index.php\/wp-json\/wp\/v2\/pages\/10\/revisions"}],"predecessor-version":[{"id":250,"href":"https:\/\/nimaingenieria.com\/index.php\/wp-json\/wp\/v2\/pages\/10\/revisions\/250"}],"wp:attachment":[{"href":"https:\/\/nimaingenieria.com\/index.php\/wp-json\/wp\/v2\/media?parent=10"}],"curies":[{"name":"wp","href":"https:\/\/api.w.org\/{rel}","templated":true}]}}